{"id":2,"date":"2016-05-10T03:48:21","date_gmt":"2016-05-10T03:48:21","guid":{"rendered":"http:\/\/design-architekten.de\/?page_id=2"},"modified":"2021-09-09T06:16:32","modified_gmt":"2021-09-09T06:16:32","slug":"sample-page","status":"publish","type":"page","link":"https:\/\/design-architekten.de\/","title":{"rendered":"\u00dcber mich"},"content":{"rendered":"<p><strong>Inka Erfmeier<\/strong><br \/>\nProf.<br \/>\nDipl.-Des. Kommunikationsdesign<br \/>\n(Freelancer, Selbstst\u00e4ndig)<\/p>\n<p>\u2026 mehr Mut.<br \/>\n&#8230; mehr Anspruch.<br \/>\n&#8230; keine Kompromisse.<\/p>\n<p>Erfolg ist freiwillig! Die DesignArchitekten sind Teil eines Netzwerks und damit gro\u00df genug f\u00fcr Ihre Projekte und klein genug f\u00fcr die notwendige Flexibilit\u00e4t.<\/p>\n<p>Erfolgreiche Auftritte schaffen! Je nach Aufgabengebiet arbeite ich f\u00fcr Ihre individuellen Anspr\u00fcche mit einem gut aufgestellten, spezialisierten Netzwerk zusammen.<\/p>\n<p>T\u00e4tigkeitsschwerpunkte:<br \/>\nB2B \u00b7 Beratung \u00b7 <strong>Corporate Design<\/strong> \u00b7 <strong>DTP<\/strong> \u00b7 Fotografie \u00b7 <strong>Gestaltung<\/strong> \u00b7 Illustration \u00b7 Internet- Auftritt \u00b7 <strong>Kommunikationsdesign<\/strong> \u00b7 Konzept \u00b7 <strong>Logo-Entwicklung<\/strong> \u00b7 Messe \u00b7 <strong>Print Medien<\/strong> \u00b7 Text \u00b7 Web \u00b7 <strong>Zuverl\u00e4ssigkeit<\/strong><\/p>\n<p><strong>Kontakt:<br \/>\n<\/strong><span class=\"\">Inka Erfmeier <\/span><span class=\"\">I<\/span><span class=\"\"> DesignArchitekten<br \/>\n<\/span><span class=\"\">B\u00fcro f\u00fcr Kommunikation &amp; Kreativdesign<\/span><\/p>\n<p><a href=\"mailto:info@design-architekten.de\">info@design-architekten.de<\/a><\/p>\n<p><strong>USt.ID.Nr.:<\/strong> DE247355400<\/p>\n<p><img loading=\"lazy\" class=\"alignnone size-medium wp-image-76\" src=\"http:\/\/design-architekten.de\/wp-content\/uploads\/2018\/10\/18_DA_LogoClaim_Logo-V01-Claim-e1538476175835-300x196.png\" alt=\"\" width=\"300\" height=\"196\" srcset=\"https:\/\/design-architekten.de\/wp-content\/uploads\/2018\/10\/18_DA_LogoClaim_Logo-V01-Claim-e1538476175835-300x196.png 300w, https:\/\/design-architekten.de\/wp-content\/uploads\/2018\/10\/18_DA_LogoClaim_Logo-V01-Claim-e1538476175835-768x502.png 768w, https:\/\/design-architekten.de\/wp-content\/uploads\/2018\/10\/18_DA_LogoClaim_Logo-V01-Claim-e1538476175835-1024x669.png 1024w\" sizes=\"(max-width: 300px) 100vw, 300px\" \/><\/p>\n<p>Leider ist unsere Branche (auch liebe Kollegen) derzeit weitgehend stillgelegt.<br \/>\nWir hoffen auf baldige Besserung, damit wir uns wieder auf Messen, Events, Veranstaltungen, Konzerten, Vortr\u00e4gen u.v.m. wieder sehen.<\/p>\n<p><strong>Gemeinsam stark &#8211; jetzt erst recht ! Bleibt gesund !<\/strong><\/p>\n<p><img loading=\"lazy\" class=\"alignnone size-medium wp-image-83\" src=\"http:\/\/design-architekten.de\/wp-content\/uploads\/2021\/01\/Covid19-300x300.jpg\" alt=\"\" width=\"300\" height=\"300\" srcset=\"https:\/\/design-architekten.de\/wp-content\/uploads\/2021\/01\/Covid19-300x300.jpg 300w, https:\/\/design-architekten.de\/wp-content\/uploads\/2021\/01\/Covid19-150x150.jpg 150w, https:\/\/design-architekten.de\/wp-content\/uploads\/2021\/01\/Covid19-768x765.jpg 768w, https:\/\/design-architekten.de\/wp-content\/uploads\/2021\/01\/Covid19-1024x1019.jpg 1024w, https:\/\/design-architekten.de\/wp-content\/uploads\/2021\/01\/Covid19-100x100.jpg 100w\" sizes=\"(max-width: 300px) 100vw, 300px\" \/><\/p>\n<p>Bitte beachten Sie die neue <a href=\"http:\/\/design-architekten.de\/?page_id=48\">Datenschutzerkl\u00e4rung<\/a>\u00a0 &#8211; bereitgestellt von WordPress.<br \/>\nAuf Grund der neuen <a href=\"https:\/\/dsgvo-gesetz.de\/\">DSGVO<\/a> sind wir bem\u00fcht alle neuen Anforderungen schnellst m\u00f6glich anzupassen. So lange ist diese Seite leider auf ein Minnimum reduziert, da auch unsere Kunden vorsichtig sind.<\/p>\n<p><img loading=\"lazy\" class=\"alignnone size-medium wp-image-67\" src=\"http:\/\/design-architekten.de\/wp-content\/uploads\/2018\/06\/IMG_2743-300x300.jpg\" alt=\"\" width=\"300\" height=\"300\" srcset=\"https:\/\/design-architekten.de\/wp-content\/uploads\/2018\/06\/IMG_2743-300x300.jpg 300w, https:\/\/design-architekten.de\/wp-content\/uploads\/2018\/06\/IMG_2743-150x150.jpg 150w, https:\/\/design-architekten.de\/wp-content\/uploads\/2018\/06\/IMG_2743-768x768.jpg 768w, https:\/\/design-architekten.de\/wp-content\/uploads\/2018\/06\/IMG_2743-1024x1024.jpg 1024w, https:\/\/design-architekten.de\/wp-content\/uploads\/2018\/06\/IMG_2743-100x100.jpg 100w, https:\/\/design-architekten.de\/wp-content\/uploads\/2018\/06\/IMG_2743.jpg 2043w\" sizes=\"(max-width: 300px) 100vw, 300px\" \/><\/p>\n","protected":false},"excerpt":{"rendered":"<p>Inka Erfmeier Prof. Dipl.-Des. Kommunikationsdesign (Freelancer, Selbstst\u00e4ndig) \u2026 mehr Mut. &#8230; mehr Anspruch. &#8230; keine Kompromisse. Erfolg ist freiwillig! Die DesignArchitekten sind Teil eines Netzwerks und damit gro\u00df genug f\u00fcr Ihre Projekte und klein genug f\u00fcr die notwendige Flexibilit\u00e4t. Erfolgreiche Auftritte schaffen! Je nach Aufgabengebiet arbeite ich f\u00fcr Ihre individuellen Anspr\u00fcche mit einem gut aufgestellten, &hellip; <\/p>\n<p class=\"link-more\"><a href=\"https:\/\/design-architekten.de\/\" class=\"more-link\"><span class=\"screen-reader-text\">\u201e\u00dcber mich\u201c<\/span> weiterlesen<\/a><\/p>\n","protected":false},"author":1,"featured_media":0,"parent":0,"menu_order":0,"comment_status":"closed","ping_status":"open","template":"","meta":[],"_links":{"self":[{"href":"https:\/\/design-architekten.de\/index.php?rest_route=\/wp\/v2\/pages\/2"}],"collection":[{"href":"https:\/\/design-architekten.de\/index.php?rest_route=\/wp\/v2\/pages"}],"about":[{"href":"https:\/\/design-architekten.de\/index.php?rest_route=\/wp\/v2\/types\/page"}],"author":[{"embeddable":true,"href":"https:\/\/design-architekten.de\/index.php?rest_route=\/wp\/v2\/users\/1"}],"replies":[{"embeddable":true,"href":"https:\/\/design-architekten.de\/index.php?rest_route=%2Fwp%2Fv2%2Fcomments&post=2"}],"version-history":[{"count":19,"href":"https:\/\/design-architekten.de\/index.php?rest_route=\/wp\/v2\/pages\/2\/revisions"}],"predecessor-version":[{"id":92,"href":"https:\/\/design-architekten.de\/index.php?rest_route=\/wp\/v2\/pages\/2\/revisions\/92"}],"wp:attachment":[{"href":"https:\/\/design-architekten.de\/index.php?rest_route=%2Fwp%2Fv2%2Fmedia&parent=2"}],"curies":[{"name":"wp","href":"https:\/\/api.w.org\/{rel}","templated":true}]}}